{"id":4,"date":"2018-11-27T13:17:46","date_gmt":"2018-11-27T13:17:46","guid":{"rendered":"http:\/\/preview.baugutachten-bundesweit.de\/?page_id=4"},"modified":"2026-03-11T14:38:33","modified_gmt":"2026-03-11T14:38:33","slug":"home","status":"publish","type":"page","link":"https:\/\/www.baugutachten-bundesweit.de\/","title":{"rendered":"BAUSACHVERST\u00c4NDIGENB\u00dcRO Ing.Lars Wego"},"content":{"rendered":"<div id=\"pl-4\"  class=\"panel-layout\" ><div id=\"pg-4-0\"  class=\"panel-grid panel-no-style\" ><div id=\"pgc-4-0-0\"  class=\"panel-grid-cell\" ><div id=\"panel-4-0-0-0\" class=\"so-panel widget widget_sow-editor panel-first-child panel-last-child\" data-index=\"0\" ><div\n\t\t\t\n\t\t\tclass=\"so-widget-sow-editor so-widget-sow-editor-base\"\n\t\t\t\n\t\t><h3 class=\"widget-title\">Ihr Immobilien-Experte regional und bundesweit.<\/h3>\n<div class=\"siteorigin-widget-tinymce textwidget\">\n\t<p>Sie sind auf der Suche nach einem Sachverst\u00e4ndigen f\u00fcr Ihre Immobilie, der sich durch einen ganzheitlichen Ansatz auszeichnet? \u00a0Ihr Baugutachter B\u00fcro Ing.Lars Wego hilft Ihnen schnell und kompetent weiter. Mit unserem Know-how verraten wir Ihnen sinnvolle Sparstrategien f\u00fcr den Bau. Wir gelten auch als Experten f\u00fcr Wertgutachten \/ \u00a0Baugutachten f\u00fcr Immobilien. Dar\u00fcber hinaus sagen wir Ihnen, inwiefern sich Ihr Bauvorhaben \/ Hauskauf aus wirtschaftlicher Sicht lohnt. Zeitliche Flexibilit\u00e4t stellt f\u00fcr uns seit jeher eine Selbstverst\u00e4ndlichkeit dar.<\/p>\n<\/div>\n<\/div><\/div><\/div><div id=\"pgc-4-0-1\"  class=\"panel-grid-cell\" ><div id=\"panel-4-0-1-0\" class=\"so-panel widget widget_sow-editor panel-first-child panel-last-child\" data-index=\"1\" ><div\n\t\t\t\n\t\t\tclass=\"so-widget-sow-editor so-widget-sow-editor-base\"\n\t\t\t\n\t\t>\n<div class=\"siteorigin-widget-tinymce textwidget\">\n\t<p><!-- werkenntdenBESTEN.de HTML Widget --><\/p>\n<div id=\"wkdb-widget\"><\/div>\n<p><script type=\"text\/javascript\" src=\"https:\/\/download.werkenntdenbesten.de\/widget-%408qgnrTzsIwkVkLtFY5Zer0eOyL4VsdgXpSCAXFqcbRm8kNil9KvqaH8KypkLKVnXkpmU9fHcONbOqERfmWccSvNTs%2BeuJFKwVYyuXJkKOHzMx4hKJ7q44dduxCowkaW40EIb6RQXysoCMvrQVz2K1cxtTX33pXGiLw9g5Hxz5roX.js\" async><\/script><\/p>\n<\/div>\n<\/div><\/div><\/div><\/div><div id=\"pg-4-1\"  class=\"panel-grid panel-no-style\" ><div id=\"pgc-4-1-0\"  class=\"panel-grid-cell\" ><div id=\"panel-4-1-0-0\" class=\"so-panel widget widget_sow-editor panel-first-child panel-last-child\" data-index=\"2\" ><div\n\t\t\t\n\t\t\tclass=\"so-widget-sow-editor so-widget-sow-editor-base\"\n\t\t\t\n\t\t>\n<div class=\"siteorigin-widget-tinymce textwidget\">\n\t<h2 style=\"text-align: center;\">Unsere Leistungen<\/h2>\n<\/div>\n<\/div><\/div><\/div><\/div><div id=\"pg-4-2\"  class=\"panel-grid panel-no-style\" ><div id=\"pgc-4-2-0\"  class=\"panel-grid-cell\" ><div id=\"panel-4-2-0-0\" class=\"so-panel widget widget_sow-editor panel-first-child panel-last-child\" data-index=\"3\" ><div\n\t\t\t\n\t\t\tclass=\"so-widget-sow-editor so-widget-sow-editor-base\"\n\t\t\t\n\t\t><h3 class=\"widget-title\">Wertgutachten \/ Immobilienbewertung<br \/>Ermittlung Restnutzungsdauer<\/h3>\n<div class=\"siteorigin-widget-tinymce textwidget\">\n\t<p><img decoding=\"async\" class=\"aligncenter size-medium wp-image-22\" src=\"http:\/\/preview.baugutachten-bundesweit.de\/wp-content\/uploads\/2019\/01\/Allgemein-300x200.jpg\" alt=\"\" width=\"100%\" height=\"auto\" srcset=\"https:\/\/www.baugutachten-bundesweit.de\/wp-content\/uploads\/2019\/01\/Allgemein-300x200.jpg 300w, https:\/\/www.baugutachten-bundesweit.de\/wp-content\/uploads\/2019\/01\/Allgemein-768x512.jpg 768w, https:\/\/www.baugutachten-bundesweit.de\/wp-content\/uploads\/2019\/01\/Allgemein-1024x683.jpg 1024w, https:\/\/www.baugutachten-bundesweit.de\/wp-content\/uploads\/2019\/01\/Allgemein-272x182.jpg 272w, https:\/\/www.baugutachten-bundesweit.de\/wp-content\/uploads\/2019\/01\/Allgemein.jpg 1920w\" sizes=\"(max-width: 300px) 100vw, 300px\" \/><\/p>\n<p>Wir ermitteln den Verkehrswert Ihrer Immobilie und stellen die Wertermittlung in einem Gutachten nachvollziehbar dar. Die Gutachten werden von allen Beh\u00f6rden (Gerichte, Banken, Versicherungen, Finanzamt) anerkannt.<br \/>\nWir ermitteln die Restnutzungsdauer Ihrer Immobilie f\u00fcr eine optimierte steuerliche Abschreibung nach \u00a7 7 Abs. 4 Satz 2 EStG. Dies erm\u00f6glicht Ihnen von den typisierten Zeitr\u00e4umen von 40 bzw. 50\u00a0 zur Abschreibung abzuweichen, sofern Sie eine k\u00fcrzere Restnutzungszeit nachweisen k\u00f6nnen.<\/p>\n<\/div>\n<\/div><\/div><\/div><div id=\"pgc-4-2-1\"  class=\"panel-grid-cell\" ><div id=\"panel-4-2-1-0\" class=\"so-panel widget widget_sow-editor panel-first-child panel-last-child\" data-index=\"4\" ><div\n\t\t\t\n\t\t\tclass=\"so-widget-sow-editor so-widget-sow-editor-base\"\n\t\t\t\n\t\t><h3 class=\"widget-title\">Bau\u00fcberwachung \/ Baugutachten<br \/>Bauschadensgutachten<\/h3>\n<div class=\"siteorigin-widget-tinymce textwidget\">\n\t<p><img decoding=\"async\" class=\"aligncenter size-medium wp-image-25\" src=\"http:\/\/preview.baugutachten-bundesweit.de\/wp-content\/uploads\/2019\/01\/baugutachten-300x200.jpg\" alt=\"\" width=\"100%\" height=\"auto\" srcset=\"https:\/\/www.baugutachten-bundesweit.de\/wp-content\/uploads\/2019\/01\/baugutachten-300x200.jpg 300w, https:\/\/www.baugutachten-bundesweit.de\/wp-content\/uploads\/2019\/01\/baugutachten-768x511.jpg 768w, https:\/\/www.baugutachten-bundesweit.de\/wp-content\/uploads\/2019\/01\/baugutachten-1024x682.jpg 1024w, https:\/\/www.baugutachten-bundesweit.de\/wp-content\/uploads\/2019\/01\/baugutachten-272x182.jpg 272w, https:\/\/www.baugutachten-bundesweit.de\/wp-content\/uploads\/2019\/01\/baugutachten.jpg 1920w\" sizes=\"(max-width: 300px) 100vw, 300px\" \/><\/p>\n<p>Wir dokumentieren und bewerten die Baum\u00e4ngel oder Bausch\u00e4den an Ihrer Immobilie und kl\u00e4ren die Ursachen und Verantwortlichkeiten aus technischer Sicht. Nur auf Grundlage einer fundierten Schadensanalyse kann eine sp\u00e4tere Beseitigung bzw. Sanierung dauerhaften Erfolg verzeichnen.<\/p>\n<\/div>\n<\/div><\/div><\/div><\/div><div id=\"pg-4-3\"  class=\"panel-grid panel-no-style\" ><div id=\"pgc-4-3-0\"  class=\"panel-grid-cell\" ><div id=\"panel-4-3-0-0\" class=\"so-panel widget widget_sow-editor panel-first-child panel-last-child\" data-index=\"5\" ><div\n\t\t\t\n\t\t\tclass=\"so-widget-sow-editor so-widget-sow-editor-base\"\n\t\t\t\n\t\t><h3 class=\"widget-title\">Hilfe beim Hauskauf \/ Kaufcheck<br \/>&nbsp;<\/h3>\n<div class=\"siteorigin-widget-tinymce textwidget\">\n\t<p><img decoding=\"async\" class=\"aligncenter size-medium wp-image-121\" src=\"http:\/\/preview.baugutachten-bundesweit.de\/wp-content\/uploads\/2019\/01\/Kaufcheck-300x199.jpg\" alt=\"\" width=\"100%\" height=\"auto\" srcset=\"https:\/\/www.baugutachten-bundesweit.de\/wp-content\/uploads\/2019\/01\/Kaufcheck-300x199.jpg 300w, https:\/\/www.baugutachten-bundesweit.de\/wp-content\/uploads\/2019\/01\/Kaufcheck-768x509.jpg 768w, https:\/\/www.baugutachten-bundesweit.de\/wp-content\/uploads\/2019\/01\/Kaufcheck.jpg 800w\" sizes=\"(max-width: 300px) 100vw, 300px\" \/><\/p>\n<p>Der Kauf einer Immobilie ist wegen des hohen Preises und der langen Abzahlung ein Risiko f\u00fcr den K\u00e4ufer. Mit meinem Leistungsspektrum pr\u00fcfe ich die Bausubstanz und den Verkaufspreis\u00a0einer Immobilie.<\/p>\n<\/div>\n<\/div><\/div><\/div><div id=\"pgc-4-3-1\"  class=\"panel-grid-cell\" ><div id=\"panel-4-3-1-0\" class=\"so-panel widget widget_sow-editor panel-first-child panel-last-child\" data-index=\"6\" ><div\n\t\t\t\n\t\t\tclass=\"so-widget-sow-editor so-widget-sow-editor-base\"\n\t\t\t\n\t\t><h3 class=\"widget-title\">Versicherungsgutachten<br \/>&nbsp;<\/h3>\n<div class=\"siteorigin-widget-tinymce textwidget\">\n\t<p><img decoding=\"async\" class=\"aligncenter size-medium wp-image-120\" src=\"http:\/\/preview.baugutachten-bundesweit.de\/wp-content\/uploads\/2019\/01\/Versicherung-3-300x199.jpg\" alt=\"\" width=\"100%\" height=\"auto\" srcset=\"https:\/\/www.baugutachten-bundesweit.de\/wp-content\/uploads\/2019\/01\/Versicherung-3-300x199.jpg 300w, https:\/\/www.baugutachten-bundesweit.de\/wp-content\/uploads\/2019\/01\/Versicherung-3-768x509.jpg 768w, https:\/\/www.baugutachten-bundesweit.de\/wp-content\/uploads\/2019\/01\/Versicherung-3.jpg 800w\" sizes=\"(max-width: 300px) 100vw, 300px\" \/><\/p>\n<p>Wir erstellen im Auftrag von Versicherungen Schadensgutachten f\u00fcr Immobilien in allen \u00fcblichen Schadensarten, z.B. Leitungswasser\/ Rohrbruch, Feuer\/ Brand, Sturm- und Elementarsch\u00e4den, Kfz-Anprall, Haftpflicht.<\/p>\n<\/div>\n<\/div><\/div><\/div><div id=\"pgc-4-3-2\"  class=\"panel-grid-cell\" ><div id=\"panel-4-3-2-0\" class=\"so-panel widget widget_sow-editor panel-first-child panel-last-child\" data-index=\"7\" ><div\n\t\t\t\n\t\t\tclass=\"so-widget-sow-editor so-widget-sow-editor-base\"\n\t\t\t\n\t\t><h3 class=\"widget-title\">M\u00e4ngelmanagement \/ Baudokumentation<\/h3>\n<div class=\"siteorigin-widget-tinymce textwidget\">\n\t<p><img loading=\"lazy\" decoding=\"async\" class=\"aligncenter wp-image-188 size-full\" src=\"https:\/\/www.baugutachten-bundesweit.de\/wp-content\/uploads\/2023\/12\/DJI_0025-scaled-e1702409286233.jpg\" alt=\"\" width=\"2560\" height=\"1696\" srcset=\"https:\/\/www.baugutachten-bundesweit.de\/wp-content\/uploads\/2023\/12\/DJI_0025-scaled-e1702409286233.jpg 2560w, https:\/\/www.baugutachten-bundesweit.de\/wp-content\/uploads\/2023\/12\/DJI_0025-scaled-e1702409286233-300x199.jpg 300w, https:\/\/www.baugutachten-bundesweit.de\/wp-content\/uploads\/2023\/12\/DJI_0025-scaled-e1702409286233-1024x678.jpg 1024w, https:\/\/www.baugutachten-bundesweit.de\/wp-content\/uploads\/2023\/12\/DJI_0025-scaled-e1702409286233-768x509.jpg 768w, https:\/\/www.baugutachten-bundesweit.de\/wp-content\/uploads\/2023\/12\/DJI_0025-scaled-e1702409286233-1536x1018.jpg 1536w, https:\/\/www.baugutachten-bundesweit.de\/wp-content\/uploads\/2023\/12\/DJI_0025-scaled-e1702409286233-2048x1357.jpg 2048w\" sizes=\"auto, (max-width: 2560px) 100vw, 2560px\" \/><\/p>\n<p>M\u00e4ngelmanagement in Bauprojekten (Altbau\/Neubau) ist mehr als die Auflistung offener Punkte.<br \/>\nF\u00fcr eine wirksame M\u00e4ngelverfolgung und -bearbeitung ist es wichtig, Bauprozesse genau zu dokumentieren und dient zur Qualit\u00e4tssicherung. Dies erfolgt bei uns digital mit Einbindung der Projektbeteiligten.<\/p>\n<p>Eine Baudokumentation ist die effizienteste Art, Bauabschnitte und Vorg\u00e4nge auf einer Baustelle nachzuvollziehen und digital zu dokumentieren.<\/p>\n<\/div>\n<\/div><\/div><\/div><\/div><div id=\"pg-4-4\"  class=\"panel-grid panel-no-style\" ><div id=\"pgc-4-4-0\"  class=\"panel-grid-cell\" ><div id=\"panel-4-4-0-0\" class=\"so-panel widget widget_sow-editor panel-first-child panel-last-child\" data-index=\"8\" ><div\n\t\t\t\n\t\t\tclass=\"so-widget-sow-editor so-widget-sow-editor-base\"\n\t\t\t\n\t\t>\n<div class=\"siteorigin-widget-tinymce textwidget\">\n\t<h1>Ihre Anfrage<\/h1>\n\n<div class=\"wpcf7 no-js\" id=\"wpcf7-f88-o1\" lang=\"de-DE\" dir=\"ltr\" data-wpcf7-id=\"88\">\n<div class=\"screen-reader-response\"><p role=\"status\" aria-live=\"polite\" aria-atomic=\"true\"><\/p> <ul><\/ul><\/div>\n<form action=\"\/index.php?rest_route=%2Fwp%2Fv2%2Fpages%2F4#wpcf7-f88-o1\" method=\"post\" class=\"wpcf7-form init\" aria-label=\"Kontaktformular\" novalidate=\"novalidate\" data-status=\"init\">\n<fieldset class=\"hidden-fields-container\"><input type=\"hidden\" name=\"_wpcf7\" value=\"88\" \/><input type=\"hidden\" name=\"_wpcf7_version\" value=\"6.1.4\" \/><input type=\"hidden\" name=\"_wpcf7_locale\" value=\"de_DE\" \/><input type=\"hidden\" name=\"_wpcf7_unit_tag\" value=\"wpcf7-f88-o1\" \/><input type=\"hidden\" name=\"_wpcf7_container_post\" value=\"0\" \/><input type=\"hidden\" name=\"_wpcf7_posted_data_hash\" value=\"\" \/>\n<\/fieldset>\n<p><label> Name (Pflichtfeld)<br \/>\n<span class=\"wpcf7-form-control-wrap\" data-name=\"your-name\"><input size=\"40\" maxlength=\"400\" class=\"wpcf7-form-control wpcf7-text wpcf7-validates-as-required\" aria-required=\"true\" aria-invalid=\"false\" value=\"\" type=\"text\" name=\"your-name\" \/><\/span> <\/label>\n<\/p>\n<p><span id=\"wpcf7-6a0634ae5f2d3-wrapper\" class=\"wpcf7-form-control-wrap your-company-name-wrap\" style=\"display:none !important; visibility:hidden !important;\"><input type=\"hidden\" name=\"your-company-name-time-start\" value=\"1778791598\"><input type=\"hidden\" name=\"your-company-name-time-check\" value=\"4\"><label for=\"wpcf7-6a0634ae5f2d3-field\" class=\"hp-message\">Bitte lasse dieses Feld leer.<\/label><input id=\"wpcf7-6a0634ae5f2d3-field\"  class=\"wpcf7-form-control wpcf7-text\" type=\"text\" name=\"your-company-name\" value=\"\" size=\"40\" tabindex=\"-1\" autocomplete=\"new-password\" \/><\/span>\n<\/p>\n<p><label> E-Mail-Adresse (Pflichtfeld)<br \/>\n<span class=\"wpcf7-form-control-wrap\" data-name=\"your-email\"><input size=\"40\" maxlength=\"400\" class=\"wpcf7-form-control wpcf7-email wpcf7-validates-as-required wpcf7-text wpcf7-validates-as-email\" aria-required=\"true\" aria-invalid=\"false\" value=\"\" type=\"email\" name=\"your-email\" \/><\/span> <\/label>\n<\/p>\n<p><label> R\u00fcckrufnummer<br \/>\n<span class=\"wpcf7-form-control-wrap\" data-name=\"your-phonenumber\"><input size=\"40\" maxlength=\"400\" class=\"wpcf7-form-control wpcf7-text\" aria-invalid=\"false\" value=\"\" type=\"text\" name=\"your-phonenumber\" \/><\/span> <\/label>\n<\/p>\n<p><label> Nachricht (Pflichtfeld)<br \/>\n<span class=\"wpcf7-form-control-wrap\" data-name=\"your-message\"><textarea cols=\"40\" rows=\"10\" maxlength=\"2000\" class=\"wpcf7-form-control wpcf7-textarea wpcf7-validates-as-required\" aria-required=\"true\" aria-invalid=\"false\" name=\"your-message\"><\/textarea><\/span> <\/label>\n<\/p>\n<p><label> Bitte geben Sie die Zeichen in das Feld ein.<br \/>\n<input type=\"hidden\" name=\"_wpcf7_captcha_challenge_captcha-1\" value=\"926815740\" \/><img loading=\"lazy\" decoding=\"async\" class=\"wpcf7-form-control wpcf7-captchac wpcf7-captcha-captcha-1 cfcim\" width=\"84\" height=\"28\" alt=\"captcha\" src=\"https:\/\/www.baugutachten-bundesweit.de\/wp-content\/uploads\/wpcf7_captcha\/926815740.png\" \/> <span class=\"wpcf7-form-control-wrap\" data-name=\"captcha-1\"><input size=\"40\" class=\"wpcf7-form-control wpcf7-captchar cfcin\" autocomplete=\"off\" aria-invalid=\"false\" value=\"\" type=\"text\" name=\"captcha-1\" \/><\/span><br \/>\n<input class=\"wpcf7-form-control wpcf7-submit has-spinner\" type=\"submit\" value=\"Senden\" \/><\/label>\n<\/p><div class=\"wpcf7-response-output\" aria-hidden=\"true\"><\/div>\n<\/form>\n<\/div>\n\n<\/div>\n<\/div><\/div><\/div><\/div><\/div>","protected":false},"excerpt":{"rendered":"<p>Sie sind auf der Suche nach einem Sachverst\u00e4ndigen f\u00fcr Ihre Immobilie, der sich durch einen ganzheitlichen Ansatz auszeichnet? \u00a0Ihr Baugutachter B\u00fcro Ing.Lars Wego hilft Ihnen schnell und kompetent weiter. Mit unserem Know-how verraten wir Ihnen sinnvolle Sparstrategien f\u00fcr den Bau. Wir gelten auch als Experten f\u00fcr Wertgutachten \/ \u00a0Baugutachten f\u00fcr Immobilien. Dar\u00fcber hinaus sagen wir &#8230; <a title=\"BAUSACHVERST\u00c4NDIGENB\u00dcRO Ing.Lars Wego\" class=\"read-more\" href=\"https:\/\/www.baugutachten-bundesweit.de\/\" aria-label=\"Mehr dazu unter BAUSACHVERST\u00c4NDIGENB\u00dcRO Ing.Lars Wego\">Weiterlesen<\/a><\/p>\n","protected":false},"author":1,"featured_media":24,"parent":0,"menu_order":0,"comment_status":"closed","ping_status":"closed","template":"","meta":{"inline_featured_image":false,"footnotes":""},"class_list":["post-4","page","type-page","status-publish","has-post-thumbnail"],"_links":{"self":[{"href":"https:\/\/www.baugutachten-bundesweit.de\/index.php?rest_route=\/wp\/v2\/pages\/4","targetHints":{"allow":["GET"]}}],"collection":[{"href":"https:\/\/www.baugutachten-bundesweit.de\/index.php?rest_route=\/wp\/v2\/pages"}],"about":[{"href":"https:\/\/www.baugutachten-bundesweit.de\/index.php?rest_route=\/wp\/v2\/types\/page"}],"author":[{"embeddable":true,"href":"https:\/\/www.baugutachten-bundesweit.de\/index.php?rest_route=\/wp\/v2\/users\/1"}],"replies":[{"embeddable":true,"href":"https:\/\/www.baugutachten-bundesweit.de\/index.php?rest_route=%2Fwp%2Fv2%2Fcomments&post=4"}],"version-history":[{"count":55,"href":"https:\/\/www.baugutachten-bundesweit.de\/index.php?rest_route=\/wp\/v2\/pages\/4\/revisions"}],"predecessor-version":[{"id":242,"href":"https:\/\/www.baugutachten-bundesweit.de\/index.php?rest_route=\/wp\/v2\/pages\/4\/revisions\/242"}],"wp:featuredmedia":[{"embeddable":true,"href":"https:\/\/www.baugutachten-bundesweit.de\/index.php?rest_route=\/wp\/v2\/media\/24"}],"wp:attachment":[{"href":"https:\/\/www.baugutachten-bundesweit.de\/index.php?rest_route=%2Fwp%2Fv2%2Fmedia&parent=4"}],"curies":[{"name":"wp","href":"https:\/\/api.w.org\/{rel}","templated":true}]}}