{"id":77,"date":"2019-01-03T01:19:43","date_gmt":"2019-01-03T01:19:43","guid":{"rendered":"http:\/\/preview.baugutachten-bundesweit.de\/?page_id=77"},"modified":"2026-03-12T13:03:04","modified_gmt":"2026-03-12T13:03:04","slug":"kontakt","status":"publish","type":"page","link":"https:\/\/www.baugutachten-bundesweit.de\/?page_id=77","title":{"rendered":"Kontakt \/ Anfrage"},"content":{"rendered":"<div id=\"pl-77\"  class=\"panel-layout\" ><div id=\"pg-77-0\"  class=\"panel-grid panel-no-style\" ><div id=\"pgc-77-0-0\"  class=\"panel-grid-cell\" ><div id=\"panel-77-0-0-0\" class=\"so-panel widget widget_sow-editor panel-first-child panel-last-child\" data-index=\"0\" ><div\n\t\t\t\n\t\t\tclass=\"so-widget-sow-editor so-widget-sow-editor-base\"\n\t\t\t\n\t\t>\n<div class=\"siteorigin-widget-tinymce textwidget\">\n\t<p>BAUSACHVERST\u00c4NDIGENB\u00dcRO Ing.Lars Wego<br \/>\nzertifiziert und anerkannt<\/p>\n<p>Ing.Lars Wego<br \/>\nE-Mail: <a href=\"&#x6d;&#97;i&#x6c;&#x74;&#111;:&#x69;&#110;f&#x6f;&#x40;&#98;a&#x75;&#103;u&#x74;&#x61;&#99;h&#x74;&#x65;&#110;&#x2d;&#x6e;&#97;u&#x6d;&#x62;&#117;r&#x67;&#46;d&#x65;\">&#x69;&#x6e;&#x66;&#x6f;&#x40;&#x62;&#x61;&#x75;&#x67;&#x75;&#x74;&#x61;&#x63;&#x68;&#116;&#101;&#110;&#45;&#110;&#97;&#117;&#109;&#98;&#117;&#114;g&#46;de<\/a><\/p>\n<p>Lindenring 16<br \/>\n06618 Naumburg<\/p>\n<p>Telefon: <a href=\"tel:+4934452613313\">03445 2613313<\/a><\/p>\n<p>Termine nach Vereinbarung.<\/p>\n<p>Bitte allen Schriftverkehr an die oben genannte Adresse.<\/p>\n<hr \/>\n<p>B\u00fcro Halle:<br \/>\nTelefon: <a href=\"tel:+493456845075\">0345 6845075<\/a><\/p>\n<p>E-Mail: <a href=\"&#x6d;&#x61;&#x69;&#x6c;&#116;&#111;:in&#x66;&#x6f;&#x40;&#x62;&#97;&#117;gut&#x61;&#x63;&#x68;&#x74;&#101;&#110;&#45;ha&#x6c;&#x6c;&#x65;&#x2e;&#100;&#101;\">&#x69;&#x6e;&#x66;&#111;&#64;&#98;au&#x67;&#x75;&#x74;&#x61;&#99;&#104;te&#x6e;&#x2d;&#x68;&#x61;&#108;&#108;e&#46;&#x64;&#x65;<\/a><\/p>\n<hr \/>\n<p>B\u00fcro Farnst\u00e4dt:<br \/>\nObh\u00e4user Weg 16a<br \/>\n06279 Farnst\u00e4dt<\/p>\n<p>Telefon:\u00a0<a href=\"tel:+4934452613313\">03445 2613313<\/a><\/p>\n<p>E-Mail: <a href=\"&#x6d;&#97;&#105;&#x6c;&#x74;&#111;&#58;&#x69;&#x6e;&#102;&#111;&#x40;&#x62;&#97;&#117;&#x67;&#x75;&#116;&#97;&#x63;&#x68;&#116;&#101;&#x6e;&#x2d;&#115;&#97;&#x61;&#x6c;&#101;&#107;&#x72;&#x65;&#105;&#115;&#x2e;&#x64;&#101;\">&#x69;&#x6e;&#102;&#111;&#64;b&#x61;&#x75;&#x67;&#117;ta&#x63;&#x68;&#x74;&#101;&#110;-&#x73;&#x61;&#x61;&#108;&#101;k&#x72;&#x65;&#x69;&#115;&#46;de<\/a><\/p>\n<p>Termine nach Vereinbarung.<\/p>\n<\/div>\n<\/div><\/div><\/div><\/div><div id=\"pg-77-1\"  class=\"panel-grid panel-no-style\" ><div id=\"pgc-77-1-0\"  class=\"panel-grid-cell\" ><div id=\"panel-77-1-0-0\" class=\"so-panel widget widget_sow-editor panel-first-child panel-last-child\" data-index=\"1\" ><div\n\t\t\t\n\t\t\tclass=\"so-widget-sow-editor so-widget-sow-editor-base\"\n\t\t\t\n\t\t>\n<div class=\"siteorigin-widget-tinymce textwidget\">\n\t<h1>Ihre Anfrage<\/h1>\n\n<div class=\"wpcf7 no-js\" id=\"wpcf7-f88-o1\" lang=\"de-DE\" dir=\"ltr\" data-wpcf7-id=\"88\">\n<div class=\"screen-reader-response\"><p role=\"status\" aria-live=\"polite\" aria-atomic=\"true\"><\/p> <ul><\/ul><\/div>\n<form action=\"\/index.php?rest_route=%2Fwp%2Fv2%2Fpages%2F77#wpcf7-f88-o1\" method=\"post\" class=\"wpcf7-form init\" aria-label=\"Kontaktformular\" novalidate=\"novalidate\" data-status=\"init\">\n<fieldset class=\"hidden-fields-container\"><input type=\"hidden\" name=\"_wpcf7\" value=\"88\" \/><input type=\"hidden\" name=\"_wpcf7_version\" value=\"6.1.4\" \/><input type=\"hidden\" name=\"_wpcf7_locale\" value=\"de_DE\" \/><input type=\"hidden\" name=\"_wpcf7_unit_tag\" value=\"wpcf7-f88-o1\" \/><input type=\"hidden\" name=\"_wpcf7_container_post\" value=\"0\" \/><input type=\"hidden\" name=\"_wpcf7_posted_data_hash\" value=\"\" \/>\n<\/fieldset>\n<p><label> Name (Pflichtfeld)<br \/>\n<span class=\"wpcf7-form-control-wrap\" data-name=\"your-name\"><input size=\"40\" maxlength=\"400\" class=\"wpcf7-form-control wpcf7-text wpcf7-validates-as-required\" aria-required=\"true\" aria-invalid=\"false\" value=\"\" type=\"text\" name=\"your-name\" \/><\/span> <\/label>\n<\/p>\n<p><span id=\"wpcf7-69e13a411738f-wrapper\" class=\"wpcf7-form-control-wrap your-company-name-wrap\" style=\"display:none !important; visibility:hidden !important;\"><input type=\"hidden\" name=\"your-company-name-time-start\" value=\"1776368193\"><input type=\"hidden\" name=\"your-company-name-time-check\" value=\"4\"><label for=\"wpcf7-69e13a411738f-field\" class=\"hp-message\">Bitte lasse dieses Feld leer.<\/label><input id=\"wpcf7-69e13a411738f-field\"  class=\"wpcf7-form-control wpcf7-text\" type=\"text\" name=\"your-company-name\" value=\"\" size=\"40\" tabindex=\"-1\" autocomplete=\"new-password\" \/><\/span>\n<\/p>\n<p><label> E-Mail-Adresse (Pflichtfeld)<br \/>\n<span class=\"wpcf7-form-control-wrap\" data-name=\"your-email\"><input size=\"40\" maxlength=\"400\" class=\"wpcf7-form-control wpcf7-email wpcf7-validates-as-required wpcf7-text wpcf7-validates-as-email\" aria-required=\"true\" aria-invalid=\"false\" value=\"\" type=\"email\" name=\"your-email\" \/><\/span> <\/label>\n<\/p>\n<p><label> R\u00fcckrufnummer<br \/>\n<span class=\"wpcf7-form-control-wrap\" data-name=\"your-phonenumber\"><input size=\"40\" maxlength=\"400\" class=\"wpcf7-form-control wpcf7-text\" aria-invalid=\"false\" value=\"\" type=\"text\" name=\"your-phonenumber\" \/><\/span> <\/label>\n<\/p>\n<p><label> Nachricht (Pflichtfeld)<br \/>\n<span class=\"wpcf7-form-control-wrap\" data-name=\"your-message\"><textarea cols=\"40\" rows=\"10\" maxlength=\"2000\" class=\"wpcf7-form-control wpcf7-textarea wpcf7-validates-as-required\" aria-required=\"true\" aria-invalid=\"false\" name=\"your-message\"><\/textarea><\/span> <\/label>\n<\/p>\n<p><label> Bitte geben Sie die Zeichen in das Feld ein.<br \/>\n<input type=\"hidden\" name=\"_wpcf7_captcha_challenge_captcha-1\" value=\"3348746955\" \/><img loading=\"lazy\" decoding=\"async\" class=\"wpcf7-form-control wpcf7-captchac wpcf7-captcha-captcha-1 cfcim\" width=\"84\" height=\"28\" alt=\"captcha\" src=\"https:\/\/www.baugutachten-bundesweit.de\/wp-content\/uploads\/wpcf7_captcha\/3348746955.png\" \/> <span class=\"wpcf7-form-control-wrap\" data-name=\"captcha-1\"><input size=\"40\" class=\"wpcf7-form-control wpcf7-captchar cfcin\" autocomplete=\"off\" aria-invalid=\"false\" value=\"\" type=\"text\" name=\"captcha-1\" \/><\/span><br \/>\n<input class=\"wpcf7-form-control wpcf7-submit has-spinner\" type=\"submit\" value=\"Senden\" \/><\/label>\n<\/p><div class=\"wpcf7-response-output\" aria-hidden=\"true\"><\/div>\n<\/form>\n<\/div>\n\n<\/div>\n<\/div><\/div><\/div><\/div><div id=\"pg-77-2\"  class=\"panel-grid panel-no-style\" ><div id=\"pgc-77-2-0\"  class=\"panel-grid-cell\" ><div id=\"panel-77-2-0-0\" class=\"so-panel widget widget_sow-editor panel-first-child panel-last-child\" data-index=\"2\" ><div\n\t\t\t\n\t\t\tclass=\"so-widget-sow-editor so-widget-sow-editor-base\"\n\t\t\t\n\t\t>\n<div class=\"siteorigin-widget-tinymce textwidget\">\n\t<p style=\"text-align: center;\"><img loading=\"lazy\" decoding=\"async\" class=\"size-full wp-image-135 alignleft\" style=\"margin-right: 10px; margin-left: 10px;\" src=\"https:\/\/www.baugutachten-bundesweit.de\/wp-content\/uploads\/2019\/01\/home_1_01.png\" alt=\"\" width=\"158\" height=\"158\" srcset=\"https:\/\/www.baugutachten-bundesweit.de\/wp-content\/uploads\/2019\/01\/home_1_01.png 370w, https:\/\/www.baugutachten-bundesweit.de\/wp-content\/uploads\/2019\/01\/home_1_01-150x150.png 150w, https:\/\/www.baugutachten-bundesweit.de\/wp-content\/uploads\/2019\/01\/home_1_01-300x300.png 300w\" sizes=\"auto, (max-width: 158px) 100vw, 158px\" \/><img loading=\"lazy\" decoding=\"async\" class=\"size-full wp-image-139 alignleft\" style=\"margin-right: 10px; margin-left: 10px;\" src=\"https:\/\/www.baugutachten-bundesweit.de\/wp-content\/uploads\/2019\/01\/kopie_von_desag.png\" alt=\"\" width=\"250\" height=\"143\" \/><img loading=\"lazy\" decoding=\"async\" class=\"size-full wp-image-134 alignleft\" style=\"margin-right: 10px; margin-left: 10px;\" src=\"https:\/\/www.baugutachten-bundesweit.de\/wp-content\/uploads\/2019\/01\/zert.png\" alt=\"\" width=\"211\" height=\"158\" \/><\/p>\n<\/div>\n<\/div><\/div><\/div><\/div><\/div>","protected":false},"excerpt":{"rendered":"<p>BAUSACHVERST\u00c4NDIGENB\u00dcRO Ing.Lars Wego zertifiziert und anerkannt Ing.Lars Wego E-Mail: &#105;&#x6e;&#x66;o&#64;&#x62;&#x61;u&#103;&#x75;t&#97;&#x63;&#x68;t&#101;&#x6e;-&#110;&#x61;&#x75;m&#98;&#x75;&#x72;&#103;&#x2e;&#x64;e Lindenring 16 06618 Naumburg Telefon: 03445 2613313 Termine nach Vereinbarung. Bitte allen Schriftverkehr an die oben genannte Adresse. B\u00fcro Halle: Telefon: 0345 6845075 E-Mail: &#105;&#x6e;&#102;&#x6f;&#64;&#x62;&#97;&#x75;&#103;&#x75;&#116;&#x61;&#99;&#x68;&#116;&#x65;&#110;&#x2d;&#104;&#x61;&#108;&#x6c;&#101;&#x2e;&#100;&#x65; B\u00fcro Farnst\u00e4dt: Obh\u00e4user Weg 16a 06279 Farnst\u00e4dt Telefon:\u00a003445 2613313 E-Mail: &#x69;&#x6e;&#x66;&#x6f;&#x40;&#98;&#97;&#117;&#103;uta&#x63;&#x68;&#x74;&#x65;&#x6e;&#x2d;&#115;&#97;&#97;lek&#x72;&#x65;&#x69;&#x73;&#x2e;&#x64;&#101; Termine nach Vereinbarung. Ihre Anfrage<\/p>\n","protected":false},"author":1,"featured_media":0,"parent":0,"menu_order":0,"comment_status":"closed","ping_status":"closed","template":"","meta":{"inline_featured_image":false,"footnotes":""},"class_list":["post-77","page","type-page","status-publish"],"_links":{"self":[{"href":"https:\/\/www.baugutachten-bundesweit.de\/index.php?rest_route=\/wp\/v2\/pages\/77","targetHints":{"allow":["GET"]}}],"collection":[{"href":"https:\/\/www.baugutachten-bundesweit.de\/index.php?rest_route=\/wp\/v2\/pages"}],"about":[{"href":"https:\/\/www.baugutachten-bundesweit.de\/index.php?rest_route=\/wp\/v2\/types\/page"}],"author":[{"embeddable":true,"href":"https:\/\/www.baugutachten-bundesweit.de\/index.php?rest_route=\/wp\/v2\/users\/1"}],"replies":[{"embeddable":true,"href":"https:\/\/www.baugutachten-bundesweit.de\/index.php?rest_route=%2Fwp%2Fv2%2Fcomments&post=77"}],"version-history":[{"count":39,"href":"https:\/\/www.baugutachten-bundesweit.de\/index.php?rest_route=\/wp\/v2\/pages\/77\/revisions"}],"predecessor-version":[{"id":250,"href":"https:\/\/www.baugutachten-bundesweit.de\/index.php?rest_route=\/wp\/v2\/pages\/77\/revisions\/250"}],"wp:attachment":[{"href":"https:\/\/www.baugutachten-bundesweit.de\/index.php?rest_route=%2Fwp%2Fv2%2Fmedia&parent=77"}],"curies":[{"name":"wp","href":"https:\/\/api.w.org\/{rel}","templated":true}]}}